{"id":18,"date":"2009-12-23T00:24:24","date_gmt":"2009-12-23T00:24:24","guid":{"rendered":"http:\/\/www.schachbezirk-mittelbaden.de\/wp\/?page_id=18"},"modified":"2012-01-16T17:34:02","modified_gmt":"2012-01-16T16:34:02","slug":"routenplaner","status":"publish","type":"page","link":"https:\/\/www.schachbezirk-mittelbaden.de\/wp\/?page_id=18","title":{"rendered":"Routenplaner"},"content":{"rendered":"<form id=\"route\" method=\"post\" action=\"http:\/\/route.web.de\/\">\n<table cellpadding=\"0\" cellspacing=\"0\" style=\"background: #FFF url(http:\/\/web.de\/magazine\/iww\/static\/routenplaner\/img\/webde_rp_hg.gif) bottom left no-repeat; width: 461px;\">\n<tr>\n<td style=\"vertical-align: top;\"><img decoding=\"async\" src=\"http:\/\/web.de\/magazine\/iww\/static\/routenplaner\/img\/webde_rp_oben.gif\" alt=\"\" style=\"margin: 0;\"><\/td>\n<\/tr>\n<tr>\n<td style=\"vertical-align: top;\"><img decoding=\"async\" src=\"http:\/\/web.de\/magazine\/iww\/static\/routenplaner\/img\/webde_rp_balkon_icon.gif\" alt=\"\" style=\"margin: 0;\"><\/td>\n<\/tr>\n<tr>\n<td>\n<table style=\"border: 1px solid #D8DFE5; border-top: none; border-bottom: none; margin-bottom: 3px; width: 100%;\">\n<tr>\n<td style=\"width: 50%;\">\n              <input id=\"fromstreet\" name=\"fromstreet\" value=\"Stra\u00c3\u0178e\" size=\"12\" style=\"font-size: 12px; width: 206px; margin: 5px 5px 0 10px;\" tabindex=\"1\" onfocus=\"if (this.value == 'Stra\u00c3\u0178e') this.value = '';\" type=\"text\"><br \/>\n              <input id=\"fromplz\" name=\"fromplz\" value=\"PLZ\" size=\"2\" style=\"font-size: 12px; vertical-align: top; width: 47px; margin: 5px 5px 0 10px;\" maxlength=\"10\" tabindex=\"2\" onfocus=\"if (this.value == 'PLZ') this.value = '';\" type=\"text\"><br \/>\n              <input id=\"fromcity\" name=\"fromcity\" value=\"Ort\" size=\"8\" style=\"font-size: 12px; width: 144px; margin-top: 5px;\" tabindex=\"3\" onfocus=\"if (this.value == 'Ort') this.value = '';\" type=\"text\"><br \/>\n              <select id=\"fromcountry\" name=\"fromcountry\" tabindex=\"4\" style=\"font-size: 12px; width: 212px; margin: 5px 9px 0 10px;\"><option value=\"---\">Bitte w\u00c3\u00a4hlen&#8230;<\/option><option value=\"ALB\">Albanien<\/option><option value=\"AND\">Andorra<\/option><option value=\"ARM\">Armenien<\/option><option value=\"AZE\">Aserbaidschan<\/option><option value=\"BEL\">Belgien<\/option><option value=\"BIH\">Bosnien-Herzegowina<\/option><option value=\"BGR\">Bulgarien<\/option><option value=\"DNK\">D\u00c3\u00a4nemark<\/option><option value=\"DEU\" selected=\"selected\">Deutschland<\/option><option value=\"EST\">Estland<\/option><option value=\"FRO\">F\u00c3\u00a4r\u00c3\u00b6er Inseln<\/option><option value=\"FIN\">Finnland<\/option><option value=\"FRA\">Frankreich<\/option><option value=\"GEO\">Georgien<\/option><option value=\"GIB\">Gibraltar<\/option><option value=\"GRC\">Griechenland<\/option><option value=\"GBR\">Gro\u00c3\u0178britannien<\/option><option value=\"IRL\">Irland<\/option><option value=\"ISL\">Island<\/option><option value=\"ITA\">Italien<\/option><option value=\"HRV\">Kroatien<\/option><option value=\"LVA\">Lettland<\/option><option value=\"LIE\">Liechtenstein<\/option><option value=\"LTU\">Litauen<\/option><option value=\"LUX\">Luxemburg<\/option><option value=\"MLT\">Malta<\/option><option value=\"MKD\">Makedonien<\/option><option value=\"MDA\">Moldawien<\/option><option value=\"MCO\">Monaco<\/option><option value=\"NLD\">Niederlande<\/option><option value=\"NOR\">Norwegen<\/option><option value=\"AUT\">\u00c3\u2013sterreich<\/option><option value=\"POL\">Polen<\/option><option value=\"PRT\">Portugal<\/option><option value=\"ROM\">Rum\u00c3\u00a4nien<\/option><option value=\"RUS\">Russland<\/option><option value=\"SMR\">San Marino<\/option><option value=\"SWE\">Schweden<\/option><option value=\"CHE\">Schweiz<\/option><option value=\"SCG\">Serbien und Montenegro<\/option><option value=\"SVK\">Slowakische Republik<\/option><option value=\"SVN\">Slowenien<\/option><option value=\"ESP\">Spanien<\/option><option value=\"CZE\">Tschechische Republik<\/option><option value=\"TUR\">T\u00c3\u00bcrkei<\/option><option value=\"UKR\">Ukraine<\/option><option value=\"HUN\">Ungarn<\/option><option value=\"VAT\">Vatikanstadt<\/option><option value=\"BLR\">Wei\u00c3\u0178russland<\/option><option value=\"CYP\">Zypern<\/option><\/select>\n            <\/td>\n<td>\n              <input id=\"tostreet\" name=\"tostreet\" value=\"Stra\u00c3\u0178e\" size=\"12\" style=\"font-size: 12px; width: 206px; margin: 5px 5px 0 0;\" tabindex=\"5\" onfocus=\"if (document.getElementById('tostreet').value == 'Stra\u00c3\u0178e') document.getElementById('tostreet').value = '';\" type=\"text\"><br \/>\n              <input id=\"toplz\" name=\"toplz\" value=\"PLZ\" size=\"3\" style=\"font-size: 12px; vertical-align: top; width: 47px; margin: 5px 5px 0 0;\" maxlength=\"10\" tabindex=\"6\" onfocus=\"if (document.getElementById('toplz').value == 'PLZ') document.getElementById('toplz').value = '';\" type=\"text\"><br \/>\n              <input id=\"tocity\" name=\"tocity\" value=\"Ort\" size=\"8\" style=\"font-size: 12px; width: 144px;margin-top:5px;\" tabindex=\"7\" onfocus=\"if (document.getElementById('tocity').value == 'Ort') document.getElementById('tocity').value = '';\" type=\"text\"><br \/>\n              <select id=\"tocountry\" name=\"tocountry\" tabindex=\"8\" style=\"font-size: 12px; width: 212px; margin: 5px 5px 0 0;\"><option value=\"---\">Bitte w\u00c3\u00a4hlen&#8230;<\/option><option value=\"ALB\">Albanien<\/option><option value=\"AND\">Andorra<\/option><option value=\"ARM\">Armenien<\/option><option value=\"AZE\">Aserbaidschan<\/option><option value=\"BEL\">Belgien<\/option><option value=\"BIH\">Bosnien-Herzegowina<\/option><option value=\"BGR\">Bulgarien<\/option><option value=\"DNK\">D\u00c3\u00a4nemark<\/option><option value=\"DEU\" selected=\"selected\">Deutschland<\/option><option value=\"EST\">Estland<\/option><option value=\"FRO\">F\u00c3\u00a4r\u00c3\u00b6er Inseln<\/option><option value=\"FIN\">Finnland<\/option><option value=\"FRA\">Frankreich<\/option><option value=\"GEO\">Georgien<\/option><option value=\"GIB\">Gibraltar<\/option><option value=\"GRC\">Griechenland<\/option><option value=\"GBR\">Gro\u00c3\u0178britannien<\/option><option value=\"IRL\">Irland<\/option><option value=\"ISL\">Island<\/option><option value=\"ITA\">Italien<\/option><option value=\"HRV\">Kroatien<\/option><option value=\"LVA\">Lettland<\/option><option value=\"LIE\">Liechtenstein<\/option><option value=\"LTU\">Litauen<\/option><option value=\"LUX\">Luxemburg<\/option><option value=\"MLT\">Malta<\/option><option value=\"MKD\">Makedonien<\/option><option value=\"MDA\">Moldawien<\/option><option value=\"MCO\">Monaco<\/option><option value=\"NLD\">Niederlande<\/option><option value=\"NOR\">Norwegen<\/option><option value=\"AUT\">\u00c3\u2013sterreich<\/option><option value=\"POL\">Polen<\/option><option value=\"PRT\">Portugal<\/option><option value=\"ROM\">Rum\u00c3\u00a4nien<\/option><option value=\"RUS\">Russland<\/option><option value=\"SMR\">San Marino<\/option><option value=\"SWE\">Schweden<\/option><option value=\"CHE\">Schweiz<\/option><option value=\"SCG\">Serbien und Montenegro<\/option><option value=\"SVK\">Slowakische Republik<\/option><option value=\"SVN\">Slowenien<\/option><option value=\"ESP\">Spanien<\/option><option value=\"CZE\">Tschechische Republik<\/option><option value=\"TUR\">T\u00c3\u00bcrkei<\/option><option value=\"UKR\">Ukraine<\/option><option value=\"HUN\">Ungarn<\/option><option value=\"VAT\">Vatikanstadt<\/option><option value=\"BLR\">Wei\u00c3\u0178russland<\/option><option value=\"CYP\">Zypern<\/option><\/select>\n            <\/td>\n<\/tr>\n<tr>\n<td colspan=\"2\"><input id=\"planer\" type=\"hidden\" value=\"\"><\/td>\n<\/tr>\n<tr>\n<td colspan=\"2\" style=\"text-align: center;\"><input type=\"submit\" value=\"Route berechnen\" style=\"margin: 5px 0; font-size: 11px !important;\"><\/td>\n<\/tr>\n<tr>\n<td colspan=\"2\" style=\"font-size: 11px;\">Der WEB.DE <a href=\"http:\/\/route.web.de\/\">Routenplaner<\/a> auch auf Ihrer <a href=\"http:\/\/route.web.de\/?template=routing\">Homepage<\/a><\/td>\n<\/tr>\n<\/table>\n<\/td>\n<\/tr>\n<\/table>\n<\/form>\n<h3>Related Images:<\/h3>","protected":false},"excerpt":{"rendered":"<p>Bitte w\u00c3\u00a4hlen&#8230;AlbanienAndorraArmenienAserbaidschanBelgienBosnien-HerzegowinaBulgarienD\u00c3\u00a4nemarkDeutschlandEstlandF\u00c3\u00a4r\u00c3\u00b6er InselnFinnlandFrankreichGeorgienGibraltarGriechenlandGro\u00c3\u0178britannienIrlandIslandItalienKroatienLettlandLiechtensteinLitauenLuxemburgMaltaMakedonienMoldawienMonacoNiederlandeNorwegen\u00c3\u2013sterreichPolenPortugalRum\u00c3\u00a4nienRusslandSan MarinoSchwedenSchweizSerbien und MontenegroSlowakische RepublikSlowenienSpanienTschechische RepublikT\u00c3\u00bcrkeiUkraineUngarnVatikanstadtWei\u00c3\u0178russlandZypern Bitte w\u00c3\u00a4hlen&#8230;AlbanienAndorraArmenienAserbaidschanBelgienBosnien-HerzegowinaBulgarienD\u00c3\u00a4nemarkDeutschlandEstlandF\u00c3\u00a4r\u00c3\u00b6er InselnFinnlandFrankreichGeorgienGibraltarGriechenlandGro\u00c3\u0178britannienIrlandIslandItalienKroatienLettlandLiechtensteinLitauenLuxemburgMaltaMakedonienMoldawienMonacoNiederlandeNorwegen\u00c3\u2013sterreichPolenPortugalRum\u00c3\u00a4nienRusslandSan MarinoSchwedenSchweizSerbien und MontenegroSlowakische RepublikSlowenienSpanienTschechische RepublikT\u00c3\u00bcrkeiUkraineUngarnVatikanstadtWei\u00c3\u0178russlandZypern Der WEB.DE Routenplaner auch auf Ihrer Homepage Related Images:<\/p>\n","protected":false},"author":1,"featured_media":0,"parent":12,"menu_order":3,"comment_status":"open","ping_status":"open","template":"","meta":{"ngg_post_thumbnail":0,"footnotes":""},"class_list":["post-18","page","type-page","status-publish","hentry"],"aioseo_notices":[],"_links":{"self":[{"href":"https:\/\/www.schachbezirk-mittelbaden.de\/wp\/index.php?rest_route=\/wp\/v2\/pages\/18","targetHints":{"allow":["GET"]}}],"collection":[{"href":"https:\/\/www.schachbezirk-mittelbaden.de\/wp\/index.php?rest_route=\/wp\/v2\/pages"}],"about":[{"href":"https:\/\/www.schachbezirk-mittelbaden.de\/wp\/index.php?rest_route=\/wp\/v2\/types\/page"}],"author":[{"embeddable":true,"href":"https:\/\/www.schachbezirk-mittelbaden.de\/wp\/index.php?rest_route=\/wp\/v2\/users\/1"}],"replies":[{"embeddable":true,"href":"https:\/\/www.schachbezirk-mittelbaden.de\/wp\/index.php?rest_route=%2Fwp%2Fv2%2Fcomments&post=18"}],"version-history":[{"count":0,"href":"https:\/\/www.schachbezirk-mittelbaden.de\/wp\/index.php?rest_route=\/wp\/v2\/pages\/18\/revisions"}],"up":[{"embeddable":true,"href":"https:\/\/www.schachbezirk-mittelbaden.de\/wp\/index.php?rest_route=\/wp\/v2\/pages\/12"}],"wp:attachment":[{"href":"https:\/\/www.schachbezirk-mittelbaden.de\/wp\/index.php?rest_route=%2Fwp%2Fv2%2Fmedia&parent=18"}],"curies":[{"name":"wp","href":"https:\/\/api.w.org\/{rel}","templated":true}]}}